{"id":1620,"date":"2017-05-19T09:28:09","date_gmt":"2017-05-19T09:28:09","guid":{"rendered":"https:\/\/fleursdaubepine.com\/livre-dor\/"},"modified":"2020-01-17T12:45:15","modified_gmt":"2020-01-17T11:45:15","slug":"guestbook","status":"publish","type":"page","link":"https:\/\/fleursdaubepine.com\/en\/guestbook\/","title":{"rendered":"Guest Book"},"content":{"rendered":"[vc_row][vc_column][vc_row_inner el_class=&#8221;container-fix&#8221;][vc_column_inner][vc_column_text]\n<h2 style=\"text-align: center;\">Guest Book<\/h2>\n[\/vc_column_text][\/vc_column_inner][\/vc_row_inner][vc_row_inner el_class=&#8221;container-fix&#8221;][vc_column_inner][vc_column_text css=&#8221;.vc_custom_1579261107066{margin-bottom: 15px !important;}&#8221;]\n<p style=\"text-align: left;\">Mon p\u00e8re est rest\u00e9 un an dans votre maison de retraite. Il \u00e9tait compl\u00e8tement d\u00e9pendant suite \u00e0 un avc mais cette ann\u00e9e fut pour lui plus douce. le personnel soignant \u00e9tant aux petits soins et il adorait que l\u2019on le prom\u00e8ne dans le jardin o\u00f9 il admirait la grande vari\u00e9t\u00e9 de plantes et arbustes. Encore merci \u00e0 tout le personnel des fleurs d\u2018aubepine et sa direction. C\u2019est une maison de retraite et de soins que je conseillerai \u00e0 toute personne devenue d\u00e9pendante ou ne pouvant plus vivre seule. l\u2019accueil y est chaleureux on peut personnaliser les chambres ou appartements en y apportant ses meubles. Il s\u2019agit encore d\u2019une des rares maison de retraite et de soins qui n\u2019appartient pas \u00e0 un grand groupe financier et qui est g\u00e9r\u00e9e de mani\u00e8re beaucoup plus familiale et a l\u2018\u00e9coute de ses r\u00e9sidents et des familles.<\/p>\n<p style=\"text-align: left;\"><em>F. D-G.<\/em><\/p>\n[\/vc_column_text][vc_separator color=&#8221;custom&#8221; accent_color=&#8221;#a3a3a3&#8243; css=&#8221;.vc_custom_1509441764982{margin-bottom: 15px !important;}&#8221;][vc_column_text css=&#8221;.vc_custom_1579261120048{margin-bottom: 15px !important;}&#8221;]\n<p style=\"text-align: left;\">Tr\u00e8s bonne r\u00e9sidence o\u00f9 mon grand p\u00e8re a pu terminer sa vie en paix !<\/p>\n<p style=\"text-align: left;\"><em>P. V.<\/em><\/p>\n[\/vc_column_text][vc_separator color=&#8221;custom&#8221; accent_color=&#8221;#a3a3a3&#8243; css=&#8221;.vc_custom_1509441794626{margin-bottom: 15px !important;}&#8221;][vc_column_text css=&#8221;.vc_custom_1579261136596{margin-bottom: 15px !important;}&#8221;]\n<p style=\"text-align: left;\">Ma belle-m\u00e8re y est depuis trois ans, c&#8217;est juste parfait !<\/p>\n<p style=\"text-align: left;\"><em>K. D.<\/em><\/p>\n[\/vc_column_text][vc_separator color=&#8221;custom&#8221; accent_color=&#8221;#a3a3a3&#8243; css=&#8221;.vc_custom_1509441812907{margin-bottom: 15px !important;}&#8221;][vc_column_text css=&#8221;.vc_custom_1579261152009{margin-bottom: 15px !important;}&#8221;]\n<p style=\"text-align: left;\">Maman y a s\u00e9journ\u00e9 3 ans et a \u00e9t\u00e9 trait\u00e9e avec beaucoup de respect et de douceur dans un cadre tr\u00e8s arbor\u00e9<\/p>\n<p style=\"text-align: left;\"><em>B. D.<\/em><\/p>\n[\/vc_column_text][vc_separator color=&#8221;custom&#8221; accent_color=&#8221;#a3a3a3&#8243; css=&#8221;.vc_custom_1509441831380{margin-bottom: 15px !important;}&#8221;][vc_column_text css=&#8221;.vc_custom_1579261166555{margin-bottom: 15px !important;}&#8221;]\n<p style=\"text-align: left;\">Sans h\u00e9sitation la meilleure maison de repos !<\/p>\n<p style=\"text-align: left;\"><em>M. H.<\/em><\/p>\n[\/vc_column_text][vc_separator color=&#8221;custom&#8221; accent_color=&#8221;#a3a3a3&#8243; css=&#8221;.vc_custom_1509441848650{margin-bottom: 15px !important;}&#8221;][vc_column_text css=&#8221;.vc_custom_1579261181567{margin-bottom: 15px !important;}&#8221;]\n<p class=\"p1\"><span class=\"s1\">Nous avons \u00e9t\u00e9 tr\u00e8s touch\u00e9s des marques de sympathie exprim\u00e9es par bien des membres du personnel des fleurs d\u2019Aub\u00e9pine.\u00a0<\/span><span class=\"s1\">Nous tenons \u00e0 vous remercier tous, une fois encore pour les soins et l\u2019attention que vous avez prodigu\u00e9 \u00e0 notre p\u00e8re durant son s\u00e9jour chez vous. Avec notre profonde gratitude.<\/span><\/p>\n<p class=\"p1\"><i>A. et T. B.<\/i><\/p>\n[\/vc_column_text][vc_separator color=&#8221;custom&#8221; accent_color=&#8221;#a3a3a3&#8243; css=&#8221;.vc_custom_1509441897407{margin-bottom: 15px !important;}&#8221;][vc_column_text css=&#8221;.vc_custom_1579261214092{margin-bottom: 15px !important;}&#8221;]\n<p class=\"p1\"><span class=\"s1\">A tout le personnel des Fleurs d\u2019Aub\u00e9pine, un grand merci de vous \u00eates occup\u00e9s de mon p\u00e8re, Monsieur H. B., avec toute l\u2019attention n\u00e9cessaire afin de rendre son s\u00e9jour et sa fin de vie les meilleurs et les plus agr\u00e9able.<\/span><\/p>\n<p class=\"p1\"><i>C. B.<\/i><\/p>\n[\/vc_column_text][vc_separator color=&#8221;custom&#8221; accent_color=&#8221;#a3a3a3&#8243; css=&#8221;.vc_custom_1509441912302{margin-bottom: 15px !important;}&#8221;][vc_column_text css=&#8221;.vc_custom_1579261248478{margin-bottom: 15px !important;}&#8221;]\n<p class=\"p1\"><span class=\"s1\">Au personnel et \u00e0 la direction des Fleurs d\u2019Aub\u00e9pine, merci de tout c\u0153ur pour l\u2019attention et les<\/span> <span class=\"s1\">soins apport\u00e9s \u00e0 notre p\u00e8reG. VB. Il appr\u00e9ciait beaucoup la maison.<\/span><\/p>\n<p class=\"p1\"><i>D., Q. et M. VB.<\/i><\/p>\n[\/vc_column_text][vc_separator color=&#8221;custom&#8221; accent_color=&#8221;#a3a3a3&#8243; css=&#8221;.vc_custom_1509441928423{margin-bottom: 15px !important;}&#8221;][vc_column_text css=&#8221;.vc_custom_1579261265344{margin-bottom: 15px !important;}&#8221;]\n<p class=\"p1\"><span class=\"s1\">Gr\u00e2ce \u00e0 toute l\u2019\u00e9quipe des Fleurs d\u2019Aub\u00e9pine, notre m\u00e8re et nous-m\u00eame avons v\u00e9cu sereinement ces derni\u00e8res ann\u00e9es. Merci pour votre professionnalisme efficace exerc\u00e9e avec comp\u00e9tence,\u00a0<\/span><span class=\"s1\">gentillesse et disponibilit\u00e9.<\/span><\/p>\n<p class=\"p1\"><i>F. et N. VDD.<\/i><\/p>\n[\/vc_column_text][vc_separator color=&#8221;custom&#8221; accent_color=&#8221;#a3a3a3&#8243; css=&#8221;.vc_custom_1509441928423{margin-bottom: 15px !important;}&#8221;][vc_column_text css=&#8221;.vc_custom_1579261303366{margin-bottom: 15px !important;}&#8221;]\n<p class=\"p1\"><span class=\"s1\">C\u2019est du fond du coeur et avec beaucoup de gratitude que nous voulons vous dire merci.<br \/>\n<\/span><span class=\"s1\">Merci pour votre accueil, merci pour votre respect vis-\u00e0-vis de vos r\u00e9sidents, de notre V. qui pour vous \u00e9tait Monsieur S., merci pour votre sourire, merci pour votre patience, merci pour votre disponibilit\u00e9 (m\u00eame si tout n\u2019est pas toujours facile) Merci pour votre gentillesse.<\/span><\/p>\n<p class=\"p1\"><span class=\"s1\">Nous ne saurons jamais vous dire assez merci.<\/span><\/p>\n<p class=\"p1\"><span class=\"s1\">Pendant cinq ann\u00e9es que nous vous avons cotoy\u00e9s, nous n\u2019avons jamais eu de reproche \u00e0 faire.<br \/>\n(personne n\u2019est parfait, nous non plus bien s\u00fbr)<\/span><\/p>\n<p class=\"p1\"><span class=\"s1\">Merci aussi pour les fleurs, ce geste nous a beaucoup touch\u00e9.<\/span><\/p>\n<p class=\"p1\"><span class=\"s1\">Nous continuerons \u00e0 parler de votre r\u00e9sidence autour de nous, m\u00eame si nous savons que ce n\u2019est pas n\u00e9cessaire. Bon vent \u00e0 toutes et tous.<\/span><\/p>\n<p class=\"p1\"><i>Famille de Mr V. S.<\/i><\/p>\n[\/vc_column_text][vc_separator color=&#8221;custom&#8221; accent_color=&#8221;#a3a3a3&#8243; css=&#8221;.vc_custom_1509441928423{margin-bottom: 15px !important;}&#8221;][vc_column_text css=&#8221;.vc_custom_1579261326712{margin-bottom: 15px !important;}&#8221;]\n<p class=\"p1\"><span class=\"s1\">A tous les membres du personnel qui se sont occup\u00e9s de ma maman. Je voudrais vous dire au\u00a0nom de mes proches et de moi-m\u00eame toute ma gratitude et vous exprimer au travers de ces quelques lignes tous nos remerciements.<\/span><\/p>\n<p class=\"p1\"><span class=\"s1\">Vous n\u2019\u00eates pas simplement des personnels soignant de personnes \u00e2g\u00e9es. Vous \u00eates aussi humains, anim\u00e9s de tendresse, de gentillesse et de pr\u00e9vention. Vous avez accept\u00e9 maman comme une proche et vous vous \u00eates attach\u00e9s \u00e0 la rendre heureuse malgr\u00e9 son d\u00e9racinement, sa solitude.<br \/>\nVous avez soulag\u00e9 ses angoisses, l\u2019avez aid\u00e9, soutenu et encourag\u00e9.<br \/>\nElle vous appr\u00e9ciait et elle avait raison. Je peux vous dire qu\u2019elle vous a aim\u00e9.<br \/>\nMerci pour tout ce que vous lui avez apport\u00e9 depuis son arriv\u00e9e parmi vous. Merci pour vos sourires, pour vos paroles, pour vos le\u00e7ons d\u2019informatique, pour votre humour, pour vos caresses pleine de tendresse, pour votre humanit\u00e9 pendant les heures douloureuses qui ont pr\u00e9c\u00e9d\u00e9es son dernier soupir.<br \/>\nMerci pour elle. A l\u2019heure de son d\u00e9part, je ne peux oublier votre aide morale et votre soutien qui m\u2019ont aid\u00e9 \u00e0 surmonter ce douloureux moment. Ce f\u00fbt pr\u00e9cieux, j\u2019en avais besoin et je n\u2019oublierai pas.<br \/>\nMaman a pass\u00e9 ses derniers jours dans un endroit qu\u2019elle aimait, qu\u2019elle avait fait sien, chaleureux et humain.<br \/>\nLes personnes qui auront la chance de vous conna\u00eetre vivront, tout comme maman, des moments extraordinaires.<\/span><\/p>\n<p class=\"p1\"><span class=\"s1\">Mes enfants, mon mari et moi-m\u00eame vous remercions encore de tout c\u0153ur.<\/span><\/p>\n<p class=\"p1\"><i>C. B., fille de madame P. H.<\/i><\/p>\n[\/vc_column_text][vc_separator color=&#8221;custom&#8221; accent_color=&#8221;#a3a3a3&#8243; css=&#8221;.vc_custom_1509441928423{margin-bottom: 15px !important;}&#8221;][vc_column_text css=&#8221;.vc_custom_1579261341112{margin-bottom: 15px !important;}&#8221;]\n<p class=\"p1\"><span class=\"s1\">Du fond du c\u0153ur, je remercie la direction des Fleurs d\u2019Aub\u00e9pine pour les fleurs offertes lors du dernier adieu \u00e0 mon p\u00e8re et pour la disponibilit\u00e9 du personnel dans les derniers moments de sa vie\u00a0<\/span><span class=\"s1\">et de son humanit\u00e9. Je vous adresse mes sentiments les meilleurs.<\/span><\/p>\n<p class=\"p1\"><i>Madame V. J.<\/i><\/p>\n[\/vc_column_text][vc_separator color=&#8221;custom&#8221; accent_color=&#8221;#a3a3a3&#8243; css=&#8221;.vc_custom_1509441928423{margin-bottom: 15px !important;}&#8221;][vc_column_text css=&#8221;.vc_custom_1579261364253{margin-bottom: 15px !important;}&#8221;]\n<p class=\"p1\"><span class=\"s1\">Arriv\u00e9e aux Fleurs d\u2019Aub\u00e9pine il y a 6 mois, je voudrais vous remercier pour les tr\u00e8s belles f\u00eates de fin d\u2019ann\u00e9e que vous nous avez offertes.<br \/>\nLes animations, les d\u00e9cors et l\u2019excellence des repas associ\u00e9s au tr\u00e8s bons services ont \u00e9t\u00e9 appr\u00e9ci\u00e9s.<\/span><\/p>\n<p class=\"p1\"><span class=\"s1\">Le personnel est efficace et aimable.<\/span><\/p>\n<p class=\"p1\"><span class=\"s1\">Parmi celui-ci nous avons particuli\u00e8rement not\u00e9 Emilie qui arrange tout, Antoine le tr\u00e8s bon serveur et Wabil toujours pr\u00eat \u00e0 aider.<br \/>\nArriv\u00e9e aux Fleurs d\u2019Aub\u00e9pine <\/span><span class=\"s2\">grabataire<\/span><span class=\"s3\">,<\/span> <span class=\"s1\">Beno\u00eet, l\u2019excellent kin\u00e9, m\u2019a remise debout, m\u2019a fait marcher, m\u2019a rendue autonome, merci Beno\u00eet, merci \u00e0 tous\u00a0!.<br \/>\nJe vous adresse ainsi qu\u2019\u00e0 l\u2019Institution, mes meilleurs v\u0153ux pour l\u2019ann\u00e9e nouvelle.<\/span><\/p>\n<p class=\"p1\"><i>Madame J. M de M.<\/i><\/p>\n[\/vc_column_text][vc_separator color=&#8221;custom&#8221; accent_color=&#8221;#a3a3a3&#8243; css=&#8221;.vc_custom_1509441928423{margin-bottom: 15px !important;}&#8221;][vc_column_text css=&#8221;.vc_custom_1579261381860{margin-bottom: 15px !important;}&#8221;]\n<p class=\"p1\"><span class=\"s1\">Ma s\u0153ur et moi-m\u00eame aimerions remercier le Dr Ceurvorst et son \u00e9pouse pour la grande qualit\u00e9 de l\u2019\u00e9tablissement ainsi que pour la chaleur de tout le personnel envers notre maman pendant toutes\u00a0<\/span><span class=\"s1\">ces ann\u00e9es.<\/span><\/p>\n<p class=\"p1\"><i>Mesdames L. et C. R.<\/i><\/p>\n[\/vc_column_text][vc_separator color=&#8221;custom&#8221; accent_color=&#8221;#a3a3a3&#8243; css=&#8221;.vc_custom_1509441928423{margin-bottom: 15px !important;}&#8221;][vc_column_text css=&#8221;.vc_custom_1579261402256{margin-bottom: 15px !important;}&#8221;]\n<p class=\"p1\"><span class=\"s1\">Nous remercions du fond du c\u0153ur la direction et le personnel des Fleurs d\u2019Aub\u00e9pine, pour les soins et l\u2019attention journali\u00e8re que vous avez prodigu\u00e9s \u00e0 notre maman.<br \/>\nVeuillez croire \u00e0 notre reconnaissance, nous ne l\u2019oublierons pas. <\/span><\/p>\n<p class=\"p1\"><i>Famille de Mme B \u2013 J.<\/i><\/p>\n[\/vc_column_text][vc_separator color=&#8221;custom&#8221; accent_color=&#8221;#a3a3a3&#8243; css=&#8221;.vc_custom_1509441928423{margin-bottom: 15px !important;}&#8221;][vc_column_text css=&#8221;.vc_custom_1579261418928{margin-bottom: 15px !important;}&#8221;]\n<p class=\"p1\"><span class=\"s1\">C\u2019est fou ce que l\u2019on peut se sentir d\u00e9muni quand quelqu\u2019un est parti\u00a0!<br \/>\nNous voudrions vous remercier tous et toutes pour tous les moments que vous avez partag\u00e9s avec notre maman.<\/span><\/p>\n<p class=\"p1\"><span class=\"s1\">Il y a eu des moments moins faciles, des moments rigolo aussi, mais surtout, des moments de tendresse et de professionnalisme certain\u00a0! Elle est partie se reposer, nous lui disons juste \u2018au revoir\u2019.<br \/>\nEncore mille merci et n\u2019oubliez jamais l\u2019importance et la grandeur de votre r\u00f4le aupr\u00e8s de ces petites \u00e2mes qui arrivent au bout du chemin.<\/span><\/p>\n<p class=\"p1\"><i>La famille de M. L.<\/i><\/p>\n[\/vc_column_text][vc_separator color=&#8221;custom&#8221; accent_color=&#8221;#a3a3a3&#8243; css=&#8221;.vc_custom_1509441928423{margin-bottom: 15px !important;}&#8221;][vc_column_text css=&#8221;.vc_custom_1579261439719{margin-bottom: 15px !important;}&#8221;]\n<p class=\"p1\"><span class=\"s1\">Pour vous dire \u00e0 quel point nous avons \u00e9t\u00e9 touch\u00e9s de l\u2019attention de toutes les personnes qui ont entour\u00e9<\/span><\/p>\n<p class=\"p1\"><span class=\"s1\">notre maman pour une meilleure qualit\u00e9 de vie jusqu\u2019\u00e0 son dernier souffle.<br \/>\nLa direction et le personnel se sont comport\u00e9s de fa\u00e7on exemplaire avec un m\u00e9lange de professionnalisme et d\u2019humanit\u00e9 qui a permis de rendre vivable une vie sans <\/span><span class=\"s2\">avenir et sans espoir. <\/span><span class=\"s1\"><br \/>\nMaman vous aimait sinc\u00e8rement et votre d\u00e9vouement et gentillesse<\/span> <span class=\"s2\">envers son \u00e9poux et toute sa <\/span><span class=\"s1\">famille nous ont beaucoup \u00e9mues et ont \u00e9t\u00e9 d\u2019un grand r\u00e9confort.<\/span><\/p>\n<p class=\"p1\"><span class=\"s1\">Maman nous a donn\u00e9 de belle le\u00e7on de vie, elle continue maintenant \u00e0 faire partie de nos vies gr\u00e2ce aux souvenirs. Du fond du c\u0153ur, nous vous disons merci.<\/span><\/p>\n<p class=\"p1\"><i>D., L. et S.<\/i><\/p>\n[\/vc_column_text][vc_separator color=&#8221;custom&#8221; accent_color=&#8221;#a3a3a3&#8243; css=&#8221;.vc_custom_1509441928423{margin-bottom: 15px !important;}&#8221;][vc_column_text css=&#8221;.vc_custom_1579261512780{margin-bottom: 15px !important;}&#8221; el_class=&#8221;display-none&#8221;]\n<p class=\"p1\"><span class=\"s1\">Ces quelques mots pour vous f\u00e9liciter de la mani\u00e8re dont vous g\u00e9rez la R\u00e9sidence.<\/span><\/p>\n<p class=\"p1\"><span class=\"s1\">Bien que, entr\u00e9e avec appr\u00e9hension dans cette maison de repos et de soins, je d\u00e9couvre un nouveau mode de vie bien agr\u00e9able \u00e0 tous points de vue\u00a0: qualit\u00e9 des services, amabilit\u00e9 du personnel sans oublier l\u2019excellence des repas.<\/span><\/p>\n<p class=\"p1\"><span class=\"s1\">En un mot, malgr\u00e9 les al\u00e9as d\u00fb \u00e0 mon grand \u00e2ge, je suis satisfaite d\u2019avoir choisi <i>les Fleurs d\u2019Aub\u00e9pines\u00a0<\/i>pour le dernier chemin de ma vie.<\/span><\/p>\n<p class=\"p1\"><span class=\"s1\"><i>Sabine Schwennick<\/i><\/span><\/p>\n[\/vc_column_text][\/vc_column_inner][\/vc_row_inner][\/vc_column][\/vc_row]\n","protected":false},"excerpt":{"rendered":"<p>[vc_row][vc_column][vc_row_inner el_class=&#8221;container-fix&#8221;][vc_column_inner][vc_column_text] Guest Book [\/vc_column_text][\/vc_column_inner][\/vc_row_inner][vc_row_inner el_class=&#8221;container-fix&#8221;][vc_column_inner][vc_column_text css=&#8221;.vc_custom_1579261107066{margin-bottom: 15px !important;}&#8221;] Mon p\u00e8re est rest\u00e9 un an dans votre maison de retraite. Il \u00e9tait compl\u00e8tement d\u00e9pendant suite \u00e0 un avc mais cette ann\u00e9e fut pour lui plus douce. le personnel soignant \u00e9tant aux petits soins et il adorait que l\u2019on le prom\u00e8ne dans le jardin o\u00f9 il [&hellip;]<\/p>\n","protected":false},"author":4,"featured_media":0,"parent":0,"menu_order":6,"comment_status":"closed","ping_status":"closed","template":"","meta":[],"yoast_head":"<!-- This site is optimized with the Yoast SEO plugin v20.2.1 - https:\/\/yoast.com\/wordpress\/plugins\/seo\/ -->\n<title>Guest Book - Les Fleurs d&#039;Aub\u00e9pine<\/title>\n<meta name=\"description\" content=\"What our residents and families are saying about us.\" \/>\n<meta name=\"robots\" content=\"index, follow, max-snippet:-1, max-image-preview:large, max-video-preview:-1\" \/>\n<link rel=\"canonical\" href=\"https:\/\/fleursdaubepine.com\/en\/guestbook\/\" \/>\n<meta property=\"og:locale\" content=\"en_US\" \/>\n<meta property=\"og:type\" content=\"article\" \/>\n<meta property=\"og:title\" content=\"Guest Book - Les Fleurs d&#039;Aub\u00e9pine\" \/>\n<meta property=\"og:description\" content=\"What our residents and families are saying about us.\" \/>\n<meta property=\"og:url\" content=\"https:\/\/fleursdaubepine.com\/en\/guestbook\/\" \/>\n<meta property=\"og:site_name\" content=\"Les Fleurs d&#039;Aub\u00e9pine\" \/>\n<meta property=\"article:modified_time\" content=\"2020-01-17T11:45:15+00:00\" \/>\n<meta name=\"twitter:card\" content=\"summary_large_image\" \/>\n<meta name=\"twitter:label1\" content=\"Est. reading time\" \/>\n\t<meta name=\"twitter:data1\" content=\"10 minutes\" \/>\n<script type=\"application\/ld+json\" class=\"yoast-schema-graph\">{\"@context\":\"https:\/\/schema.org\",\"@graph\":[{\"@type\":\"WebPage\",\"@id\":\"https:\/\/fleursdaubepine.com\/en\/guestbook\/\",\"url\":\"https:\/\/fleursdaubepine.com\/en\/guestbook\/\",\"name\":\"Guest Book - Les Fleurs d&#039;Aub\u00e9pine\",\"isPartOf\":{\"@id\":\"https:\/\/fleursdaubepine.com\/#website\"},\"datePublished\":\"2017-05-19T09:28:09+00:00\",\"dateModified\":\"2020-01-17T11:45:15+00:00\",\"description\":\"What our residents and families are saying about us.\",\"breadcrumb\":{\"@id\":\"https:\/\/fleursdaubepine.com\/en\/guestbook\/#breadcrumb\"},\"inLanguage\":\"en-US\",\"potentialAction\":[{\"@type\":\"ReadAction\",\"target\":[\"https:\/\/fleursdaubepine.com\/en\/guestbook\/\"]}]},{\"@type\":\"BreadcrumbList\",\"@id\":\"https:\/\/fleursdaubepine.com\/en\/guestbook\/#breadcrumb\",\"itemListElement\":[{\"@type\":\"ListItem\",\"position\":1,\"name\":\"Accueil\",\"item\":\"https:\/\/fleursdaubepine.com\/en\/\"},{\"@type\":\"ListItem\",\"position\":2,\"name\":\"Guest Book\"}]},{\"@type\":\"WebSite\",\"@id\":\"https:\/\/fleursdaubepine.com\/#website\",\"url\":\"https:\/\/fleursdaubepine.com\/\",\"name\":\"Les Fleurs d&#039;Aub\u00e9pine\",\"description\":\"Rest and nursing home\",\"potentialAction\":[{\"@type\":\"SearchAction\",\"target\":{\"@type\":\"EntryPoint\",\"urlTemplate\":\"https:\/\/fleursdaubepine.com\/?s={search_term_string}\"},\"query-input\":\"required name=search_term_string\"}],\"inLanguage\":\"en-US\"}]}<\/script>\n<!-- \/ Yoast SEO plugin. -->","yoast_head_json":{"title":"Guest Book - Les Fleurs d&#039;Aub\u00e9pine","description":"What our residents and families are saying about us.","robots":{"index":"index","follow":"follow","max-snippet":"max-snippet:-1","max-image-preview":"max-image-preview:large","max-video-preview":"max-video-preview:-1"},"canonical":"https:\/\/fleursdaubepine.com\/en\/guestbook\/","og_locale":"en_US","og_type":"article","og_title":"Guest Book - Les Fleurs d&#039;Aub\u00e9pine","og_description":"What our residents and families are saying about us.","og_url":"https:\/\/fleursdaubepine.com\/en\/guestbook\/","og_site_name":"Les Fleurs d&#039;Aub\u00e9pine","article_modified_time":"2020-01-17T11:45:15+00:00","twitter_card":"summary_large_image","twitter_misc":{"Est. reading time":"10 minutes"},"schema":{"@context":"https:\/\/schema.org","@graph":[{"@type":"WebPage","@id":"https:\/\/fleursdaubepine.com\/en\/guestbook\/","url":"https:\/\/fleursdaubepine.com\/en\/guestbook\/","name":"Guest Book - Les Fleurs d&#039;Aub\u00e9pine","isPartOf":{"@id":"https:\/\/fleursdaubepine.com\/#website"},"datePublished":"2017-05-19T09:28:09+00:00","dateModified":"2020-01-17T11:45:15+00:00","description":"What our residents and families are saying about us.","breadcrumb":{"@id":"https:\/\/fleursdaubepine.com\/en\/guestbook\/#breadcrumb"},"inLanguage":"en-US","potentialAction":[{"@type":"ReadAction","target":["https:\/\/fleursdaubepine.com\/en\/guestbook\/"]}]},{"@type":"BreadcrumbList","@id":"https:\/\/fleursdaubepine.com\/en\/guestbook\/#breadcrumb","itemListElement":[{"@type":"ListItem","position":1,"name":"Accueil","item":"https:\/\/fleursdaubepine.com\/en\/"},{"@type":"ListItem","position":2,"name":"Guest Book"}]},{"@type":"WebSite","@id":"https:\/\/fleursdaubepine.com\/#website","url":"https:\/\/fleursdaubepine.com\/","name":"Les Fleurs d&#039;Aub\u00e9pine","description":"Rest and nursing home","potentialAction":[{"@type":"SearchAction","target":{"@type":"EntryPoint","urlTemplate":"https:\/\/fleursdaubepine.com\/?s={search_term_string}"},"query-input":"required name=search_term_string"}],"inLanguage":"en-US"}]}},"_links":{"self":[{"href":"https:\/\/fleursdaubepine.com\/en\/wp-json\/wp\/v2\/pages\/1620"}],"collection":[{"href":"https:\/\/fleursdaubepine.com\/en\/wp-json\/wp\/v2\/pages"}],"about":[{"href":"https:\/\/fleursdaubepine.com\/en\/wp-json\/wp\/v2\/types\/page"}],"author":[{"embeddable":true,"href":"https:\/\/fleursdaubepine.com\/en\/wp-json\/wp\/v2\/users\/4"}],"replies":[{"embeddable":true,"href":"https:\/\/fleursdaubepine.com\/en\/wp-json\/wp\/v2\/comments?post=1620"}],"version-history":[{"count":3,"href":"https:\/\/fleursdaubepine.com\/en\/wp-json\/wp\/v2\/pages\/1620\/revisions"}],"predecessor-version":[{"id":1804,"href":"https:\/\/fleursdaubepine.com\/en\/wp-json\/wp\/v2\/pages\/1620\/revisions\/1804"}],"wp:attachment":[{"href":"https:\/\/fleursdaubepine.com\/en\/wp-json\/wp\/v2\/media?parent=1620"}],"curies":[{"name":"wp","href":"https:\/\/api.w.org\/{rel}","templated":true}]}}